{"id":1586,"date":"2020-12-29T09:11:15","date_gmt":"2020-12-29T09:11:15","guid":{"rendered":"https:\/\/ohie.pivotmarketing.com\/contribuer\/contribuer-individu\/"},"modified":"2020-12-29T09:11:15","modified_gmt":"2020-12-29T09:11:15","slug":"contribuer-individu","status":"publish","type":"page","link":"https:\/\/ohie.org\/fr\/contribuer\/contribuer-individu\/","title":{"rendered":"Contribuer &#8211; Individu"},"content":{"rendered":"","protected":false},"excerpt":{"rendered":"","protected":false},"author":1,"featured_media":0,"parent":1581,"menu_order":2,"comment_status":"closed","ping_status":"closed","template":"contribute.php","meta":{"_acf_changed":false,"publish_to_discourse":"","publish_post_category":"","wpdc_auto_publish_overridden":"","wpdc_topic_tags":"","wpdc_pin_topic":"","wpdc_pin_until":"","discourse_post_id":"","discourse_permalink":"","wpdc_publishing_response":"","wpdc_publishing_error":"","footnotes":""},"components":[],"class_list":["post-1586","page","type-page","status-publish","hentry"],"acf":[],"yoast_head":"<!-- This site is optimized with the Yoast SEO plugin v26.5 - https:\/\/yoast.com\/wordpress\/plugins\/seo\/ -->\n<title>Contribuer - Individu - OpenHIE<\/title>\n<meta name=\"robots\" content=\"index, follow, max-snippet:-1, max-image-preview:large, max-video-preview:-1\" \/>\n<link rel=\"canonical\" href=\"https:\/\/ohie.org\/fr\/contribuer\/contribuer-individu\/\" \/>\n<meta property=\"og:locale\" content=\"fr_FR\" \/>\n<meta property=\"og:type\" content=\"article\" \/>\n<meta property=\"og:title\" content=\"Contribuer - Individu - OpenHIE\" \/>\n<meta property=\"og:url\" content=\"https:\/\/ohie.org\/fr\/contribuer\/contribuer-individu\/\" \/>\n<meta property=\"og:site_name\" content=\"OpenHIE\" \/>\n<meta name=\"twitter:card\" content=\"summary_large_image\" \/>\n<script type=\"application\/ld+json\" class=\"yoast-schema-graph\">{\"@context\":\"https:\/\/schema.org\",\"@graph\":[{\"@type\":\"WebPage\",\"@id\":\"https:\/\/ohie.org\/fr\/contribuer\/contribuer-individu\/\",\"url\":\"https:\/\/ohie.org\/fr\/contribuer\/contribuer-individu\/\",\"name\":\"Contribuer - Individu - OpenHIE\",\"isPartOf\":{\"@id\":\"https:\/\/ohie.org\/fr\/#website\"},\"datePublished\":\"2020-12-29T09:11:15+00:00\",\"breadcrumb\":{\"@id\":\"https:\/\/ohie.org\/fr\/contribuer\/contribuer-individu\/#breadcrumb\"},\"inLanguage\":\"fr-FR\",\"potentialAction\":[{\"@type\":\"ReadAction\",\"target\":[\"https:\/\/ohie.org\/fr\/contribuer\/contribuer-individu\/\"]}]},{\"@type\":\"BreadcrumbList\",\"@id\":\"https:\/\/ohie.org\/fr\/contribuer\/contribuer-individu\/#breadcrumb\",\"itemListElement\":[{\"@type\":\"ListItem\",\"position\":1,\"name\":\"Home\",\"item\":\"https:\/\/ohie.org\/fr\/\"},{\"@type\":\"ListItem\",\"position\":2,\"name\":\"Contribuer\",\"item\":\"https:\/\/ohie.org\/fr\/contribute\/\"},{\"@type\":\"ListItem\",\"position\":3,\"name\":\"Contribuer &#8211; Individu\"}]},{\"@type\":\"WebSite\",\"@id\":\"https:\/\/ohie.org\/fr\/#website\",\"url\":\"https:\/\/ohie.org\/fr\/\",\"name\":\"OpenHIE\",\"description\":\"Am\u00e9liorer les r\u00e9sultats en mati\u00e8re de sant\u00e9 pour les communaut\u00e9s disposant de ressources \u00e9mergentes\",\"potentialAction\":[{\"@type\":\"SearchAction\",\"target\":{\"@type\":\"EntryPoint\",\"urlTemplate\":\"https:\/\/ohie.org\/fr\/?s={search_term_string}\"},\"query-input\":{\"@type\":\"PropertyValueSpecification\",\"valueRequired\":true,\"valueName\":\"search_term_string\"}}],\"inLanguage\":\"fr-FR\"}]}<\/script>\n<!-- \/ Yoast SEO plugin. -->","yoast_head_json":{"title":"Contribuer - Individu - OpenHIE","robots":{"index":"index","follow":"follow","max-snippet":"max-snippet:-1","max-image-preview":"max-image-preview:large","max-video-preview":"max-video-preview:-1"},"canonical":"https:\/\/ohie.org\/fr\/contribuer\/contribuer-individu\/","og_locale":"fr_FR","og_type":"article","og_title":"Contribuer - Individu - OpenHIE","og_url":"https:\/\/ohie.org\/fr\/contribuer\/contribuer-individu\/","og_site_name":"OpenHIE","twitter_card":"summary_large_image","schema":{"@context":"https:\/\/schema.org","@graph":[{"@type":"WebPage","@id":"https:\/\/ohie.org\/fr\/contribuer\/contribuer-individu\/","url":"https:\/\/ohie.org\/fr\/contribuer\/contribuer-individu\/","name":"Contribuer - Individu - OpenHIE","isPartOf":{"@id":"https:\/\/ohie.org\/fr\/#website"},"datePublished":"2020-12-29T09:11:15+00:00","breadcrumb":{"@id":"https:\/\/ohie.org\/fr\/contribuer\/contribuer-individu\/#breadcrumb"},"inLanguage":"fr-FR","potentialAction":[{"@type":"ReadAction","target":["https:\/\/ohie.org\/fr\/contribuer\/contribuer-individu\/"]}]},{"@type":"BreadcrumbList","@id":"https:\/\/ohie.org\/fr\/contribuer\/contribuer-individu\/#breadcrumb","itemListElement":[{"@type":"ListItem","position":1,"name":"Home","item":"https:\/\/ohie.org\/fr\/"},{"@type":"ListItem","position":2,"name":"Contribuer","item":"https:\/\/ohie.org\/fr\/contribute\/"},{"@type":"ListItem","position":3,"name":"Contribuer &#8211; Individu"}]},{"@type":"WebSite","@id":"https:\/\/ohie.org\/fr\/#website","url":"https:\/\/ohie.org\/fr\/","name":"OpenHIE","description":"Am\u00e9liorer les r\u00e9sultats en mati\u00e8re de sant\u00e9 pour les communaut\u00e9s disposant de ressources \u00e9mergentes","potentialAction":[{"@type":"SearchAction","target":{"@type":"EntryPoint","urlTemplate":"https:\/\/ohie.org\/fr\/?s={search_term_string}"},"query-input":{"@type":"PropertyValueSpecification","valueRequired":true,"valueName":"search_term_string"}}],"inLanguage":"fr-FR"}]}},"_links":{"self":[{"href":"https:\/\/ohie.org\/fr\/wp-json\/wp\/v2\/pages\/1586","targetHints":{"allow":["GET"]}}],"collection":[{"href":"https:\/\/ohie.org\/fr\/wp-json\/wp\/v2\/pages"}],"about":[{"href":"https:\/\/ohie.org\/fr\/wp-json\/wp\/v2\/types\/page"}],"author":[{"embeddable":true,"href":"https:\/\/ohie.org\/fr\/wp-json\/wp\/v2\/users\/1"}],"replies":[{"embeddable":true,"href":"https:\/\/ohie.org\/fr\/wp-json\/wp\/v2\/comments?post=1586"}],"version-history":[{"count":0,"href":"https:\/\/ohie.org\/fr\/wp-json\/wp\/v2\/pages\/1586\/revisions"}],"up":[{"embeddable":true,"href":"https:\/\/ohie.org\/fr\/wp-json\/wp\/v2\/pages\/1581"}],"wp:attachment":[{"href":"https:\/\/ohie.org\/fr\/wp-json\/wp\/v2\/media?parent=1586"}],"wp:term":[{"taxonomy":"components","embeddable":true,"href":"https:\/\/ohie.org\/fr\/wp-json\/wp\/v2\/components?post=1586"}],"curies":[{"name":"wp","href":"https:\/\/api.w.org\/{rel}","templated":true}]}}