{"id":1603,"date":"2020-12-29T09:11:22","date_gmt":"2020-12-29T09:11:22","guid":{"rendered":"https:\/\/ohie.pivotmarketing.com\/politique-de-confidentialite\/"},"modified":"2024-02-07T13:14:18","modified_gmt":"2024-02-07T18:14:18","slug":"politique-de-confidentialite","status":"publish","type":"page","link":"https:\/\/ohie.org\/fr\/politique-de-confidentialite\/","title":{"rendered":"Politique de confidentialit\u00e9"},"content":{"rendered":"&#13;\n<h2 class=\"wp-block-heading\">Qui nous sommes<\/h2>&#13;\n&#13;\n<p>L&rsquo;adresse de notre site Web est la suivante\u00a0: http:\/\/ohie.local\/.<\/p>&#13;\n&#13;\n<h2 class=\"wp-block-heading\">Quelles sont les donn\u00e9es personnelles que nous recueillons et pourquoi nous les recueillons<\/h2>&#13;\n&#13;\n<h3 class=\"wp-block-heading\">Commentaires<\/h3>&#13;\n&#13;\n<p>Lorsque les visiteurs laissent des commentaires sur le site, nous recueillons les donn\u00e9es indiqu\u00e9es dans le formulaire de commentaires, ainsi que l&rsquo;adresse IP du visiteur et la cha\u00eene de l&rsquo;agent utilisateur du navigateur afin de faciliter la d\u00e9tection de spams.<\/p>&#13;\n&#13;\n<p>Une cha\u00eene rendue anonyme cr\u00e9\u00e9e \u00e0 partir de votre adresse \u00e9lectronique (\u00e9galement appel\u00e9e hash) peut \u00eatre fournie au service Gravatar afin de constater si vous l&rsquo;utilisez. La politique de confidentialit\u00e9 du service Gravatar est disponible ici\u00a0: https:\/\/automattic.com\/privacy\/. Apr\u00e8s l&rsquo;approbation de votre commentaire, votre photo de profil est visible pour le public dans le contexte de votre commentaire.<\/p>&#13;\n&#13;\n<h3 class=\"wp-block-heading\">M\u00e9dias<\/h3>&#13;\n&#13;\n<p>Si vous t\u00e9l\u00e9chargez des images sur le site Web, vous devez \u00e9viter de t\u00e9l\u00e9charger des images qui contiennent des donn\u00e9es de localisation int\u00e9gr\u00e9es (EXIF GPS). Les visiteurs du site Web peuvent t\u00e9l\u00e9charger et extraire toutes les donn\u00e9es de localisation \u00e0 partir des images du site.<\/p>&#13;\n&#13;\n<h3 class=\"wp-block-heading\">Formulaires de contact<\/h3>&#13;\n&#13;\n<h3 class=\"wp-block-heading\">Cookies<\/h3>&#13;\n&#13;\n<p>Si vous laissez un commentaire sur notre site, vous pouvez choisir d&rsquo;enregistrer votre nom, votre adresse e-mail, ainsi que votre site Web dans des cookies. Ils sont destin\u00e9s \u00e0 vous faciliter la t\u00e2che afin que vous n&rsquo;ayez pas \u00e0 remplir \u00e0 nouveau vos coordonn\u00e9es lorsque vous laissez un autre commentaire. Ces cookies dureront un an.<\/p>&#13;\n&#13;\n<p>Si vous consultez notre page de connexion, nous placerons un cookie temporaire afin de d\u00e9terminer si votre navigateur accepte les cookies. Ce cookie ne contient aucune donn\u00e9e personnelle et il est supprim\u00e9 lorsque vous fermez votre navigateur.<\/p>&#13;\n&#13;\n<p>Lorsque vous vous connectez, nous cr\u00e9erons \u00e9galement plusieurs cookies afin d&rsquo;enregistrer vos informations de connexion et vos choix d&rsquo;affichage \u00e0 l&rsquo;\u00e9cran. Les cookies de connexion durent deux jours et les cookies d&rsquo;options d&rsquo;\u00e9cran, un an. Si vous s\u00e9lectionnez \u00ab\u00a0Se souvenir de moi\u00a0\u00bb, votre identifiant persistera pendant deux semaines. Les cookies de connexion seront supprim\u00e9s si vous vous d\u00e9connectez de votre compte.<\/p>&#13;\n&#13;\n<p>Si vous modifiez ou publiez un article, un cookie suppl\u00e9mentaire sera enregistr\u00e9 dans votre navigateur. Ce cookie ne contient aucune donn\u00e9e personnelle et indique simplement le num\u00e9ro d&rsquo;identification de l&rsquo;article que vous venez de modifier. Il expire apr\u00e8s 1\u00a0jour.<\/p>&#13;\n&#13;\n<h3 class=\"wp-block-heading\">Contenu int\u00e9gr\u00e9 provenant d&rsquo;autres sites Web<\/h3>&#13;\n&#13;\n<p>Les articles de ce site peuvent contenir un contenu int\u00e9gr\u00e9 (p. ex., des vid\u00e9os, des images, des articles, etc.). Le contenu int\u00e9gr\u00e9 provenant d&rsquo;autres sites Web se comporte exactement de la m\u00eame mani\u00e8re que si le visiteur avait consult\u00e9 l&rsquo;autre site Web.<\/p>&#13;\n&#13;\n<p>Ces sites Web peuvent recueillir des donn\u00e9es vous concernant, utiliser des cookies, int\u00e9grer un suivi tiers suppl\u00e9mentaire et surveiller votre interaction avec ce contenu int\u00e9gr\u00e9, y compris le suivi de votre interaction avec le contenu int\u00e9gr\u00e9 si vous avez un compte et si vous \u00eates connect\u00e9 \u00e0 ce site Web.<\/p>&#13;\n&#13;\n<h3 class=\"wp-block-heading\">Analyse<\/h3>&#13;\n&#13;\n<h2 class=\"wp-block-heading\">Avec qui nous partageons vos donn\u00e9es<\/h2>&#13;\n&#13;\n<h2 class=\"wp-block-heading\">Combien de temps nous conservons vos donn\u00e9es<\/h2>&#13;\n&#13;\n<p>Si vous laissez un commentaire, le commentaire et ses m\u00e9tadonn\u00e9es seront conserv\u00e9s ind\u00e9finiment. Nous pouvons ainsi reconna\u00eetre et approuver automatiquement tout commentaire de suivi au lieu de le garder dans une file d&rsquo;attente de mod\u00e9ration.<\/p>&#13;\n&#13;\n<p>Pour les utilisateurs qui s&rsquo;inscrivent sur notre site Web (le cas \u00e9ch\u00e9ant), nous stockons \u00e9galement les informations personnelles qu&rsquo;ils fournissent dans leur profil d&rsquo;utilisateur. Tous les utilisateurs peuvent voir, modifier ou supprimer leurs informations personnelles \u00e0 tout moment\u00a0; ils ne pourront cependant pas changer leur nom d&rsquo;utilisateur. Les administrateurs de sites Web peuvent \u00e9galement consulter et modifier ces informations.<\/p>&#13;\n&#13;\n<h2 class=\"wp-block-heading\">Quels droits vous avez sur vos donn\u00e9es<\/h2>&#13;\n&#13;\n<p>Si vous avez un compte sur ce site ou si vous avez laiss\u00e9 des commentaires, vous pouvez demander \u00e0 recevoir un fichier export\u00e9 des donn\u00e9es personnelles que nous d\u00e9tenons \u00e0 votre sujet, y compris les donn\u00e9es que vous nous avez fournies. Vous pouvez \u00e9galement nous demander d&rsquo;effacer les donn\u00e9es personnelles que nous d\u00e9tenons \u00e0 votre sujet. Cela n&rsquo;inclut pas les donn\u00e9es que nous sommes oblig\u00e9s de conserver \u00e0 des fins administratives, juridiques ou de s\u00e9curit\u00e9.<\/p>&#13;\n&#13;\n<h2 class=\"wp-block-heading\">O\u00f9 nous envoyons vos donn\u00e9es<\/h2>&#13;\n&#13;\n<p>Les commentaires des visiteurs peuvent \u00eatre v\u00e9rifi\u00e9s gr\u00e2ce \u00e0 un service de d\u00e9tection automatique de spams.<\/p>&#13;\n&#13;\n<h2 class=\"wp-block-heading\">Vos coordonn\u00e9es<\/h2>&#13;\n&#13;\n<h2 class=\"wp-block-heading\">Renseignements suppl\u00e9mentaires<\/h2>&#13;\n&#13;\n<h3 class=\"wp-block-heading\">Comment nous prot\u00e9geons vos donn\u00e9es<\/h3>&#13;\n&#13;\n<h3 class=\"wp-block-heading\">Quelles sont les proc\u00e9dures de violation des donn\u00e9es que nous avons mises en place<\/h3>&#13;\n&#13;\n<h3 class=\"wp-block-heading\">De quels tiers nous recevons des donn\u00e9es<\/h3>&#13;\n&#13;\n<h3 class=\"wp-block-heading\">Quelle prise de d\u00e9cision automatis\u00e9e et\/ou quel profilage nous faisons avec les donn\u00e9es des utilisateurs<\/h3>&#13;\n&#13;\n<h3 class=\"wp-block-heading\">Exigences r\u00e9glementaires de l&rsquo;industrie en mati\u00e8re de divulgation<\/h3>&#13;\n","protected":false},"excerpt":{"rendered":"<p>&#13; Qui nous sommes &#13; &#13; L&rsquo;adresse de notre site Web est la suivante\u00a0: http:\/\/ohie.local\/. &#13; &#13; Quelles sont les donn\u00e9es personnelles que nous recueillons et pourquoi nous les recueillons &#13; &#13; Commentaires &#13; &#13; Lorsque les visiteurs laissent des &hellip;<\/p>\n","protected":false},"author":1,"featured_media":0,"parent":0,"menu_order":129,"comment_status":"closed","ping_status":"closed","template":"","meta":{"_acf_changed":false,"publish_to_discourse":"","publish_post_category":"","wpdc_auto_publish_overridden":"","wpdc_topic_tags":"","wpdc_pin_topic":"","wpdc_pin_until":"","discourse_post_id":"","discourse_permalink":"","wpdc_publishing_response":"","wpdc_publishing_error":"","footnotes":""},"components":[],"class_list":["post-1603","page","type-page","status-publish","hentry"],"acf":[],"yoast_head":"<!-- This site is optimized with the Yoast SEO plugin v26.5 - https:\/\/yoast.com\/wordpress\/plugins\/seo\/ -->\n<title>Politique de confidentialit\u00e9 - OpenHIE<\/title>\n<meta name=\"robots\" content=\"index, follow, max-snippet:-1, max-image-preview:large, max-video-preview:-1\" \/>\n<link rel=\"canonical\" href=\"https:\/\/ohie.org\/fr\/politique-de-confidentialite\/\" \/>\n<meta property=\"og:locale\" content=\"fr_FR\" \/>\n<meta property=\"og:type\" content=\"article\" \/>\n<meta property=\"og:title\" content=\"Politique de confidentialit\u00e9 - OpenHIE\" \/>\n<meta property=\"og:description\" content=\"&#013; Qui nous sommes &#013; &#013; L&rsquo;adresse de notre site Web est la suivante\u00a0: http:\/\/ohie.local\/. &#013; &#013; Quelles sont les donn\u00e9es personnelles que nous recueillons et pourquoi nous les recueillons &#013; &#013; Commentaires &#013; &#013; Lorsque les visiteurs laissent des &hellip;\" \/>\n<meta property=\"og:url\" content=\"https:\/\/ohie.org\/fr\/politique-de-confidentialite\/\" \/>\n<meta property=\"og:site_name\" content=\"OpenHIE\" \/>\n<meta property=\"article:modified_time\" content=\"2024-02-07T18:14:18+00:00\" \/>\n<meta name=\"twitter:card\" content=\"summary_large_image\" \/>\n<meta name=\"twitter:label1\" content=\"Dur\u00e9e de lecture estim\u00e9e\" \/>\n\t<meta name=\"twitter:data1\" content=\"4 minutes\" \/>\n<script type=\"application\/ld+json\" class=\"yoast-schema-graph\">{\"@context\":\"https:\/\/schema.org\",\"@graph\":[{\"@type\":\"WebPage\",\"@id\":\"https:\/\/ohie.org\/fr\/politique-de-confidentialite\/\",\"url\":\"https:\/\/ohie.org\/fr\/politique-de-confidentialite\/\",\"name\":\"Politique de confidentialit\u00e9 - OpenHIE\",\"isPartOf\":{\"@id\":\"https:\/\/ohie.org\/fr\/#website\"},\"datePublished\":\"2020-12-29T09:11:22+00:00\",\"dateModified\":\"2024-02-07T18:14:18+00:00\",\"breadcrumb\":{\"@id\":\"https:\/\/ohie.org\/fr\/politique-de-confidentialite\/#breadcrumb\"},\"inLanguage\":\"fr-FR\",\"potentialAction\":[{\"@type\":\"ReadAction\",\"target\":[\"https:\/\/ohie.org\/fr\/politique-de-confidentialite\/\"]}]},{\"@type\":\"BreadcrumbList\",\"@id\":\"https:\/\/ohie.org\/fr\/politique-de-confidentialite\/#breadcrumb\",\"itemListElement\":[{\"@type\":\"ListItem\",\"position\":1,\"name\":\"Home\",\"item\":\"https:\/\/ohie.org\/fr\/\"},{\"@type\":\"ListItem\",\"position\":2,\"name\":\"Politique de confidentialit\u00e9\"}]},{\"@type\":\"WebSite\",\"@id\":\"https:\/\/ohie.org\/fr\/#website\",\"url\":\"https:\/\/ohie.org\/fr\/\",\"name\":\"OpenHIE\",\"description\":\"Am\u00e9liorer les r\u00e9sultats en mati\u00e8re de sant\u00e9 pour les communaut\u00e9s disposant de ressources \u00e9mergentes\",\"potentialAction\":[{\"@type\":\"SearchAction\",\"target\":{\"@type\":\"EntryPoint\",\"urlTemplate\":\"https:\/\/ohie.org\/fr\/?s={search_term_string}\"},\"query-input\":{\"@type\":\"PropertyValueSpecification\",\"valueRequired\":true,\"valueName\":\"search_term_string\"}}],\"inLanguage\":\"fr-FR\"}]}<\/script>\n<!-- \/ Yoast SEO plugin. -->","yoast_head_json":{"title":"Politique de confidentialit\u00e9 - OpenHIE","robots":{"index":"index","follow":"follow","max-snippet":"max-snippet:-1","max-image-preview":"max-image-preview:large","max-video-preview":"max-video-preview:-1"},"canonical":"https:\/\/ohie.org\/fr\/politique-de-confidentialite\/","og_locale":"fr_FR","og_type":"article","og_title":"Politique de confidentialit\u00e9 - OpenHIE","og_description":"&#13; Qui nous sommes &#13; &#13; L&rsquo;adresse de notre site Web est la suivante\u00a0: http:\/\/ohie.local\/. &#13; &#13; Quelles sont les donn\u00e9es personnelles que nous recueillons et pourquoi nous les recueillons &#13; &#13; Commentaires &#13; &#13; Lorsque les visiteurs laissent des &hellip;","og_url":"https:\/\/ohie.org\/fr\/politique-de-confidentialite\/","og_site_name":"OpenHIE","article_modified_time":"2024-02-07T18:14:18+00:00","twitter_card":"summary_large_image","twitter_misc":{"Dur\u00e9e de lecture estim\u00e9e":"4 minutes"},"schema":{"@context":"https:\/\/schema.org","@graph":[{"@type":"WebPage","@id":"https:\/\/ohie.org\/fr\/politique-de-confidentialite\/","url":"https:\/\/ohie.org\/fr\/politique-de-confidentialite\/","name":"Politique de confidentialit\u00e9 - OpenHIE","isPartOf":{"@id":"https:\/\/ohie.org\/fr\/#website"},"datePublished":"2020-12-29T09:11:22+00:00","dateModified":"2024-02-07T18:14:18+00:00","breadcrumb":{"@id":"https:\/\/ohie.org\/fr\/politique-de-confidentialite\/#breadcrumb"},"inLanguage":"fr-FR","potentialAction":[{"@type":"ReadAction","target":["https:\/\/ohie.org\/fr\/politique-de-confidentialite\/"]}]},{"@type":"BreadcrumbList","@id":"https:\/\/ohie.org\/fr\/politique-de-confidentialite\/#breadcrumb","itemListElement":[{"@type":"ListItem","position":1,"name":"Home","item":"https:\/\/ohie.org\/fr\/"},{"@type":"ListItem","position":2,"name":"Politique de confidentialit\u00e9"}]},{"@type":"WebSite","@id":"https:\/\/ohie.org\/fr\/#website","url":"https:\/\/ohie.org\/fr\/","name":"OpenHIE","description":"Am\u00e9liorer les r\u00e9sultats en mati\u00e8re de sant\u00e9 pour les communaut\u00e9s disposant de ressources \u00e9mergentes","potentialAction":[{"@type":"SearchAction","target":{"@type":"EntryPoint","urlTemplate":"https:\/\/ohie.org\/fr\/?s={search_term_string}"},"query-input":{"@type":"PropertyValueSpecification","valueRequired":true,"valueName":"search_term_string"}}],"inLanguage":"fr-FR"}]}},"_links":{"self":[{"href":"https:\/\/ohie.org\/fr\/wp-json\/wp\/v2\/pages\/1603","targetHints":{"allow":["GET"]}}],"collection":[{"href":"https:\/\/ohie.org\/fr\/wp-json\/wp\/v2\/pages"}],"about":[{"href":"https:\/\/ohie.org\/fr\/wp-json\/wp\/v2\/types\/page"}],"author":[{"embeddable":true,"href":"https:\/\/ohie.org\/fr\/wp-json\/wp\/v2\/users\/1"}],"replies":[{"embeddable":true,"href":"https:\/\/ohie.org\/fr\/wp-json\/wp\/v2\/comments?post=1603"}],"version-history":[{"count":0,"href":"https:\/\/ohie.org\/fr\/wp-json\/wp\/v2\/pages\/1603\/revisions"}],"wp:attachment":[{"href":"https:\/\/ohie.org\/fr\/wp-json\/wp\/v2\/media?parent=1603"}],"wp:term":[{"taxonomy":"components","embeddable":true,"href":"https:\/\/ohie.org\/fr\/wp-json\/wp\/v2\/components?post=1603"}],"curies":[{"name":"wp","href":"https:\/\/api.w.org\/{rel}","templated":true}]}}